{"id":381,"date":"2023-03-27T19:37:35","date_gmt":"2023-03-27T19:37:35","guid":{"rendered":"https:\/\/multizone.emcisolutions.com\/?post_type=product&#038;p=381"},"modified":"2023-03-28T15:44:03","modified_gmt":"2023-03-28T15:44:03","slug":"serie-lomo-17","status":"publish","type":"product","link":"https:\/\/dev.climatisationmultizone.com\/?product=serie-lomo-17","title":{"rendered":"S\u00e9rie Lomo 17"},"content":{"rendered":"<p class=\"p1\"><strong>UN CHAUFFAGE ET UNE CLIMATISATION SUR LESQUELS VOUS POUVEZ COMPTER<\/strong><\/p>\n<p class=\"p1\">Compacte, styl\u00e9e et \u00e9l\u00e9gante, la derni\u00e8re gamme\u00a0<span class=\"s2\">LOMO 17\u00a0<\/span>est con\u00e7ue pour \u00eatre \u00e9conome en \u00e9nergie \u00e0 un prix abordable. Profitez d&#8217;une tranquillit\u00e9 d&#8217;esprit \u00e0 long terme avec un syst\u00e8me con\u00e7u et d\u00e9velopp\u00e9 pour offrir des ann\u00e9es de confort int\u00e9rieur constant pour vous et votre famille.<\/p>\n<p><img fetchpriority=\"high\" decoding=\"async\" class=\"alignnone size-medium wp-image-382\" src=\"https:\/\/multizone.emcisolutions.com\/wp-content\/uploads\/2023\/03\/lomo17_specs_-_en-300x261.webp\" alt=\"\" width=\"300\" height=\"261\" srcset=\"https:\/\/dev.climatisationmultizone.com\/wp-content\/uploads\/2023\/03\/lomo17_specs_-_en-300x261.webp 300w, https:\/\/dev.climatisationmultizone.com\/wp-content\/uploads\/2023\/03\/lomo17_specs_-_en-1024x893.webp 1024w, https:\/\/dev.climatisationmultizone.com\/wp-content\/uploads\/2023\/03\/lomo17_specs_-_en-768x669.webp 768w, https:\/\/dev.climatisationmultizone.com\/wp-content\/uploads\/2023\/03\/lomo17_specs_-_en-1320x1151.webp 1320w, https:\/\/dev.climatisationmultizone.com\/wp-content\/uploads\/2023\/03\/lomo17_specs_-_en-600x523.webp 600w, https:\/\/dev.climatisationmultizone.com\/wp-content\/uploads\/2023\/03\/lomo17_specs_-_en.webp 1340w\" sizes=\"(max-width: 300px) 100vw, 300px\" \/><\/p>\n","protected":false},"excerpt":{"rendered":"<p class=\"p1\"><strong>UN CHAUFFAGE ET UNE CLIMATISATION SUR LESQUELS VOUS POUVEZ COMPTER<\/strong><\/p>\n<p class=\"p1\">Compacte, styl\u00e9e et \u00e9l\u00e9gante, la derni\u00e8re gamme\u00a0<span class=\"s2\">LOMO 17\u00a0<\/span>est con\u00e7ue pour \u00eatre \u00e9conome en \u00e9nergie \u00e0 un prix abordable. Profitez d&#8217;une tranquillit\u00e9 d&#8217;esprit \u00e0 long terme avec un syst\u00e8me con\u00e7u et d\u00e9velopp\u00e9 pour offrir des ann\u00e9es de confort int\u00e9rieur constant pour vous et votre famille.<\/p>\n","protected":false},"featured_media":372,"comment_status":"open","ping_status":"closed","template":"","meta":[],"product_cat":[26],"product_tag":[27],"class_list":{"0":"post-381","1":"product","2":"type-product","3":"status-publish","4":"has-post-thumbnail","6":"product_cat-mini-splits","7":"product_tag-thermopompe","9":"first","10":"instock","11":"taxable","12":"shipping-taxable","13":"product-type-simple"},"_links":{"self":[{"href":"https:\/\/dev.climatisationmultizone.com\/index.php?rest_route=\/wp\/v2\/product\/381","targetHints":{"allow":["GET"]}}],"collection":[{"href":"https:\/\/dev.climatisationmultizone.com\/index.php?rest_route=\/wp\/v2\/product"}],"about":[{"href":"https:\/\/dev.climatisationmultizone.com\/index.php?rest_route=\/wp\/v2\/types\/product"}],"replies":[{"embeddable":true,"href":"https:\/\/dev.climatisationmultizone.com\/index.php?rest_route=%2Fwp%2Fv2%2Fcomments&post=381"}],"wp:featuredmedia":[{"embeddable":true,"href":"https:\/\/dev.climatisationmultizone.com\/index.php?rest_route=\/wp\/v2\/media\/372"}],"wp:attachment":[{"href":"https:\/\/dev.climatisationmultizone.com\/index.php?rest_route=%2Fwp%2Fv2%2Fmedia&parent=381"}],"wp:term":[{"taxonomy":"product_cat","embeddable":true,"href":"https:\/\/dev.climatisationmultizone.com\/index.php?rest_route=%2Fwp%2Fv2%2Fproduct_cat&post=381"},{"taxonomy":"product_tag","embeddable":true,"href":"https:\/\/dev.climatisationmultizone.com\/index.php?rest_route=%2Fwp%2Fv2%2Fproduct_tag&post=381"}],"curies":[{"name":"wp","href":"https:\/\/api.w.org\/{rel}","templated":true}]}}