{"id":393,"date":"2023-03-27T20:20:49","date_gmt":"2023-03-27T20:20:49","guid":{"rendered":"https:\/\/multizone.emcisolutions.com\/?post_type=product&#038;p=393"},"modified":"2023-03-27T20:23:58","modified_gmt":"2023-03-27T20:23:58","slug":"serie-crossover","status":"publish","type":"product","link":"https:\/\/dev.climatisationmultizone.com\/?product=serie-crossover","title":{"rendered":"S\u00e9rie Crossover"},"content":{"rendered":"<p><strong>FLEXIBILIT\u00c9, EFFICACIT\u00c9 ET FIABILIT\u00c9 \u00c0 VOTRE SERVICE<\/strong><\/p>\n<p>La s\u00e9rie Crossover est la premi\u00e8re ligne de produits GREE qui permet une installation r\u00e9sidentielle mono-zone avec diff\u00e9rents types d&#8217;unit\u00e9s int\u00e9rieures, offrant ainsi une vari\u00e9t\u00e9 de solutions pour votre maison ou votre bureau.<\/p>\n<p><strong>CHAUFFAGE \u00c0 -30\u00b0C ET REFROIDISSEMENT \u00c0 -29\u00b0C<\/strong><\/p>\n<p>\u00c9tant l&#8217;une des seules pompes \u00e0 chaleur capables de chauffer ou de refroidir \u00e0 des temp\u00e9ratures aussi extr\u00eames, la s\u00e9rie Crossover est con\u00e7ue pour \u00eatre l&#8217;alli\u00e9e de votre confort dans nos froids climats canadiens. Elle repr\u00e9sente la solution id\u00e9ale pour vos applications r\u00e9sidentielles, commerciales, ou m\u00eame pour les salles de serveurs.<\/p>\n<p><img fetchpriority=\"high\" decoding=\"async\" class=\"alignnone wp-image-395\" src=\"https:\/\/multizone.emcisolutions.com\/wp-content\/uploads\/2023\/03\/crossover_specs_-_en-297x300.webp\" alt=\"\" width=\"749\" height=\"757\" srcset=\"https:\/\/dev.climatisationmultizone.com\/wp-content\/uploads\/2023\/03\/crossover_specs_-_en-297x300.webp 297w, https:\/\/dev.climatisationmultizone.com\/wp-content\/uploads\/2023\/03\/crossover_specs_-_en-1013x1024.webp 1013w, https:\/\/dev.climatisationmultizone.com\/wp-content\/uploads\/2023\/03\/crossover_specs_-_en-768x776.webp 768w, https:\/\/dev.climatisationmultizone.com\/wp-content\/uploads\/2023\/03\/crossover_specs_-_en-1320x1334.webp 1320w, https:\/\/dev.climatisationmultizone.com\/wp-content\/uploads\/2023\/03\/crossover_specs_-_en-600x606.webp 600w, https:\/\/dev.climatisationmultizone.com\/wp-content\/uploads\/2023\/03\/crossover_specs_-_en-100x100.webp 100w, https:\/\/dev.climatisationmultizone.com\/wp-content\/uploads\/2023\/03\/crossover_specs_-_en.webp 1346w\" sizes=\"(max-width: 749px) 100vw, 749px\" \/><\/p>\n","protected":false},"excerpt":{"rendered":"<p><strong>FLEXIBILIT\u00c9, EFFICACIT\u00c9 ET FIABILIT\u00c9 \u00c0 VOTRE SERVICE<br \/>\nCHAUFFAGE \u00c0 -30\u00b0C ET REFROIDISSEMENT \u00c0 -29\u00b0C<br \/>\n<\/strong><\/p>\n<p>Fonction: Thermopompe<br \/>\nCapacit\u00e9: 9000 BTU | 12000 BTU | 18000 BTU | 24000 BTU<\/p>\n","protected":false},"featured_media":373,"comment_status":"open","ping_status":"closed","template":"","meta":[],"product_cat":[26],"product_tag":[27],"class_list":{"0":"post-393","1":"product","2":"type-product","3":"status-publish","4":"has-post-thumbnail","6":"product_cat-mini-splits","7":"product_tag-thermopompe","9":"first","10":"instock","11":"taxable","12":"shipping-taxable","13":"product-type-simple"},"_links":{"self":[{"href":"https:\/\/dev.climatisationmultizone.com\/index.php?rest_route=\/wp\/v2\/product\/393","targetHints":{"allow":["GET"]}}],"collection":[{"href":"https:\/\/dev.climatisationmultizone.com\/index.php?rest_route=\/wp\/v2\/product"}],"about":[{"href":"https:\/\/dev.climatisationmultizone.com\/index.php?rest_route=\/wp\/v2\/types\/product"}],"replies":[{"embeddable":true,"href":"https:\/\/dev.climatisationmultizone.com\/index.php?rest_route=%2Fwp%2Fv2%2Fcomments&post=393"}],"wp:featuredmedia":[{"embeddable":true,"href":"https:\/\/dev.climatisationmultizone.com\/index.php?rest_route=\/wp\/v2\/media\/373"}],"wp:attachment":[{"href":"https:\/\/dev.climatisationmultizone.com\/index.php?rest_route=%2Fwp%2Fv2%2Fmedia&parent=393"}],"wp:term":[{"taxonomy":"product_cat","embeddable":true,"href":"https:\/\/dev.climatisationmultizone.com\/index.php?rest_route=%2Fwp%2Fv2%2Fproduct_cat&post=393"},{"taxonomy":"product_tag","embeddable":true,"href":"https:\/\/dev.climatisationmultizone.com\/index.php?rest_route=%2Fwp%2Fv2%2Fproduct_tag&post=393"}],"curies":[{"name":"wp","href":"https:\/\/api.w.org\/{rel}","templated":true}]}}