{"id":514,"date":"2023-03-29T19:09:39","date_gmt":"2023-03-29T19:09:39","guid":{"rendered":"https:\/\/multizone.emcisolutions.com\/?post_type=product&#038;p=514"},"modified":"2023-03-29T19:46:07","modified_gmt":"2023-03-29T19:46:07","slug":"gree-vita","status":"publish","type":"product","link":"https:\/\/dev.climatisationmultizone.com\/?product=gree-vita","title":{"rendered":"GREE VITA"},"content":{"rendered":"<p>La toute nouvelle VITA : une thermopompe con\u00e7ue pour votre vie quotidienne. Compacte, styl\u00e9e et \u00e9l\u00e9gante, la s\u00e9rie VITA a \u00e9t\u00e9 d\u00e9velopp\u00e9e pour offrir un confort fiable et<br \/>\n\u00e9nerg\u00e9tiquement efficace \u00e0 vous et \u00e0 votre famille tout au long de l\u2019ann\u00e9e.<\/p>\n<p>CONTR\u00d4LE WIFI INTELLIGENT<br \/>\nDot\u00e9e d\u2019une fonction WiFi intelligente int\u00e9gr\u00e9e, la VITA vous permet de<br \/>\nfaire fonctionner votre \u00e9quipement par le biais de votre t\u00e9l\u00e9phone mobile ou<br \/>\nde votre tablette depuis n\u2019importe quel endroit o\u00f9 vous avez un acc\u00e8s WiFi<br \/>\nen utilisant l\u2019application GREE+<\/p>\n<h3>FONCTIONNALIT\u00c9S ET AVANTAGES:<\/h3>\n<p><img fetchpriority=\"high\" decoding=\"async\" class=\"alignnone wp-image-516\" src=\"https:\/\/multizone.emcisolutions.com\/wp-content\/uploads\/2023\/03\/vitafonction-300x82.png\" alt=\"\" width=\"1299\" height=\"355\" srcset=\"https:\/\/dev.climatisationmultizone.com\/wp-content\/uploads\/2023\/03\/vitafonction-300x82.png 300w, https:\/\/dev.climatisationmultizone.com\/wp-content\/uploads\/2023\/03\/vitafonction-1024x280.png 1024w, https:\/\/dev.climatisationmultizone.com\/wp-content\/uploads\/2023\/03\/vitafonction-768x210.png 768w, https:\/\/dev.climatisationmultizone.com\/wp-content\/uploads\/2023\/03\/vitafonction-1320x361.png 1320w, https:\/\/dev.climatisationmultizone.com\/wp-content\/uploads\/2023\/03\/vitafonction-600x164.png 600w, https:\/\/dev.climatisationmultizone.com\/wp-content\/uploads\/2023\/03\/vitafonction.png 1407w\" sizes=\"(max-width: 1299px) 100vw, 1299px\" \/><\/p>\n<p><img decoding=\"async\" class=\"alignnone wp-image-518\" src=\"https:\/\/multizone.emcisolutions.com\/wp-content\/uploads\/2023\/03\/Vita_spec2-300x102.png\" alt=\"\" width=\"1300\" height=\"442\" srcset=\"https:\/\/dev.climatisationmultizone.com\/wp-content\/uploads\/2023\/03\/Vita_spec2-300x102.png 300w, https:\/\/dev.climatisationmultizone.com\/wp-content\/uploads\/2023\/03\/Vita_spec2-1024x347.png 1024w, https:\/\/dev.climatisationmultizone.com\/wp-content\/uploads\/2023\/03\/Vita_spec2-768x260.png 768w, https:\/\/dev.climatisationmultizone.com\/wp-content\/uploads\/2023\/03\/Vita_spec2-600x203.png 600w\" sizes=\"(max-width: 1300px) 100vw, 1300px\" \/><\/p>\n","protected":false},"excerpt":{"rendered":"<p>La toute nouvelle VITA : une thermopompe con\u00e7ue pour votre vie quotidienne. Compacte, styl\u00e9e et \u00e9l\u00e9gante, la s\u00e9rie VITA a \u00e9t\u00e9 d\u00e9velopp\u00e9e pour offrir un confort fiable et \u00e9nerg\u00e9tiquement efficace \u00e0 vous et \u00e0 votre famille tout au long de l\u2019ann\u00e9e. CONTR\u00d4LE WIFI INTELLIGENT Dot\u00e9e d\u2019une fonction WiFi intelligente int\u00e9gr\u00e9e, la VITA vous permet de [&hellip;]<\/p>\n","protected":false},"featured_media":372,"comment_status":"open","ping_status":"closed","template":"","meta":[],"product_cat":[44,26],"product_tag":[],"class_list":{"0":"post-514","1":"product","2":"type-product","3":"status-publish","4":"has-post-thumbnail","6":"product_cat-gree-mini-splits","7":"product_cat-mini-splits","9":"first","10":"instock","11":"taxable","12":"shipping-taxable","13":"product-type-simple"},"_links":{"self":[{"href":"https:\/\/dev.climatisationmultizone.com\/index.php?rest_route=\/wp\/v2\/product\/514","targetHints":{"allow":["GET"]}}],"collection":[{"href":"https:\/\/dev.climatisationmultizone.com\/index.php?rest_route=\/wp\/v2\/product"}],"about":[{"href":"https:\/\/dev.climatisationmultizone.com\/index.php?rest_route=\/wp\/v2\/types\/product"}],"replies":[{"embeddable":true,"href":"https:\/\/dev.climatisationmultizone.com\/index.php?rest_route=%2Fwp%2Fv2%2Fcomments&post=514"}],"wp:featuredmedia":[{"embeddable":true,"href":"https:\/\/dev.climatisationmultizone.com\/index.php?rest_route=\/wp\/v2\/media\/372"}],"wp:attachment":[{"href":"https:\/\/dev.climatisationmultizone.com\/index.php?rest_route=%2Fwp%2Fv2%2Fmedia&parent=514"}],"wp:term":[{"taxonomy":"product_cat","embeddable":true,"href":"https:\/\/dev.climatisationmultizone.com\/index.php?rest_route=%2Fwp%2Fv2%2Fproduct_cat&post=514"},{"taxonomy":"product_tag","embeddable":true,"href":"https:\/\/dev.climatisationmultizone.com\/index.php?rest_route=%2Fwp%2Fv2%2Fproduct_tag&post=514"}],"curies":[{"name":"wp","href":"https:\/\/api.w.org\/{rel}","templated":true}]}}